{"id":81,"date":"2024-05-31T20:24:53","date_gmt":"2024-05-31T20:24:53","guid":{"rendered":"https:\/\/ortola-arquitectos.es\/?page_id=81"},"modified":"2024-06-12T22:14:46","modified_gmt":"2024-06-12T22:14:46","slug":"servicios","status":"publish","type":"page","link":"https:\/\/ortola-arquitectos.es\/en\/servicios\/","title":{"rendered":"Services"},"content":{"rendered":"<div data-elementor-type=\"wp-page\" data-elementor-id=\"81\" class=\"elementor elementor-81\" data-elementor-post-type=\"page\">\n\t\t\t\t<div class=\"elementor-element elementor-element-952a28a e-flex e-con-boxed e-con e-parent\" data-id=\"952a28a\" data-element_type=\"container\">\n\t\t\t\t\t<div class=\"e-con-inner\">\n\t\t\t\t<div class=\"elementor-element elementor-element-2c99d8f elementor-icon-list--layout-inline elementor-widget__width-inherit elementor-list-item-link-full_width elementor-widget elementor-widget-icon-list\" data-id=\"2c99d8f\" data-element_type=\"widget\" data-widget_type=\"icon-list.default\">\n\t\t\t\t<div class=\"elementor-widget-container\">\n\t\t\t\t\t\t\t<ul class=\"elementor-icon-list-items elementor-inline-items\">\n\t\t\t\t\t\t\t<li class=\"elementor-icon-list-item elementor-inline-item\">\n\t\t\t\t\t\t\t\t\t\t<span class=\"elementor-icon-list-text\">Home<\/span>\n\t\t\t\t\t\t\t\t\t<\/li>\n\t\t\t\t\t\t\t\t<li class=\"elementor-icon-list-item elementor-inline-item\">\n\t\t\t\t\t\t\t\t\t\t\t<span class=\"elementor-icon-list-icon\">\n\t\t\t\t\t\t\t<svg xmlns=\"http:\/\/www.w3.org\/2000\/svg\" width=\"32\" height=\"1\" viewbox=\"0 0 32 1\" fill=\"none\"><line y1=\"0.5\" x2=\"32\" y2=\"0.5\" stroke=\"black\" stroke-opacity=\"0.5\"><\/line><\/svg>\t\t\t\t\t\t<\/span>\n\t\t\t\t\t\t\t\t\t\t<span class=\"elementor-icon-list-text\"><\/span>\n\t\t\t\t\t\t\t\t\t<\/li>\n\t\t\t\t\t\t\t\t<li class=\"elementor-icon-list-item elementor-inline-item\">\n\t\t\t\t\t\t\t\t\t\t<span class=\"elementor-icon-list-text\">Services<\/span>\n\t\t\t\t\t\t\t\t\t<\/li>\n\t\t\t\t\t\t<\/ul>\n\t\t\t\t\t\t<\/div>\n\t\t\t\t<\/div>\n\t\t\t\t<div class=\"elementor-element elementor-element-973eb65 elementor-widget__width-inherit elementor-widget elementor-widget-heading\" data-id=\"973eb65\" data-element_type=\"widget\" data-widget_type=\"heading.default\">\n\t\t\t\t<div class=\"elementor-widget-container\">\n\t\t\t\t\t<h1 class=\"elementor-heading-title elementor-size-default\">Services<\/h1>\t\t\t\t<\/div>\n\t\t\t\t<\/div>\n\t\t\t\t<div class=\"elementor-element elementor-element-6088192 elementor-widget__width-initial elementor-widget-mobile__width-inherit character elementor-widget elementor-widget-text-editor\" data-id=\"6088192\" data-element_type=\"widget\" data-widget_type=\"text-editor.default\">\n\t\t\t\t<div class=\"elementor-widget-container\">\n\t\t\t\t\t\t\t\t\t<span class=\"bigger\">THANKS TO 25-years OF EXPERIENCE AS ARCHITECTS BOTH IN GERMANY AND SPAIN WE CAN GUARANTEE COST-EFFECTIVE AND TIMELY EXECUTION OF BUILDING PROJECTS IN CONFORMITY WITH THE CONTRACT.<\/span> \t\t\t\t\t\t\t\t<\/div>\n\t\t\t\t<\/div>\n\t\t\t\t<div class=\"elementor-element elementor-element-36f1f00 elementor-widget__width-initial elementor-widget-mobile__width-inherit elementor-widget elementor-widget-text-editor\" data-id=\"36f1f00\" data-element_type=\"widget\" data-widget_type=\"text-editor.default\">\n\t\t\t\t<div class=\"elementor-widget-container\">\n\t\t\t\t\t\t\t\t\t<p>It is our arm to offer the best possible service. Our services are comprehensive both architecturally and from a Project management point of view, offering the entire range of services from site identification up to interior design and execution of the Project. \nOur services comprise:<\/p>\t\t\t\t\t\t\t\t<\/div>\n\t\t\t\t<\/div>\n\t\t\t\t\t<\/div>\n\t\t\t\t<\/div>\n\t\t<div class=\"elementor-element elementor-element-cd75b91 e-flex e-con-boxed e-con e-parent\" data-id=\"cd75b91\" data-element_type=\"container\">\n\t\t\t\t\t<div class=\"e-con-inner\">\n\t\t\t\t<div class=\"elementor-element elementor-element-18aa5f6 dot elementor-widget elementor-widget-heading\" data-id=\"18aa5f6\" data-element_type=\"widget\" data-widget_type=\"heading.default\">\n\t\t\t\t<div class=\"elementor-widget-container\">\n\t\t\t\t\t<span class=\"elementor-heading-title elementor-size-default\">01<\/span>\t\t\t\t<\/div>\n\t\t\t\t<\/div>\n\t\t<div class=\"elementor-element elementor-element-024423a e-flex e-con-boxed e-con e-child\" data-id=\"024423a\" data-element_type=\"container\">\n\t\t\t\t\t<div class=\"e-con-inner\">\n\t\t<div class=\"elementor-element elementor-element-4ffdbea e-con-full e-flex e-con e-child\" data-id=\"4ffdbea\" data-element_type=\"container\">\n\t\t\t\t<div class=\"elementor-element elementor-element-136b9eb elementor-widget__width-inherit elementor-widget elementor-widget-heading\" data-id=\"136b9eb\" data-element_type=\"widget\" data-widget_type=\"heading.default\">\n\t\t\t\t<div class=\"elementor-widget-container\">\n\t\t\t\t\t<h3 class=\"elementor-heading-title elementor-size-default\">ARCHITECTURE<\/h3>\t\t\t\t<\/div>\n\t\t\t\t<\/div>\n\t\t\t\t<\/div>\n\t\t<div class=\"elementor-element elementor-element-4688787 e-con-full e-flex e-con e-child\" data-id=\"4688787\" data-element_type=\"container\">\n\t\t\t\t<div class=\"elementor-element elementor-element-c84daf8 elementor-widget elementor-widget-text-editor\" data-id=\"c84daf8\" data-element_type=\"widget\" data-widget_type=\"text-editor.default\">\n\t\t\t\t<div class=\"elementor-widget-container\">\n\t\t\t\t\t\t\t\t\t<p class=\" translation-block\">New buildings projects<br>\nRenovation<br>\nExpansion<br>\nRemodelling<br>\nLegalising of existing building stock<br>\nInterior Design<\/p>\t\t\t\t\t\t\t\t<\/div>\n\t\t\t\t<\/div>\n\t\t\t\t<\/div>\n\t\t\t\t\t<\/div>\n\t\t\t\t<\/div>\n\t\t\t\t\t<\/div>\n\t\t\t\t<\/div>\n\t\t<div class=\"elementor-element elementor-element-19c5327 e-flex e-con-boxed e-con e-parent\" data-id=\"19c5327\" data-element_type=\"container\">\n\t\t\t\t\t<div class=\"e-con-inner\">\n\t\t\t\t<div class=\"elementor-element elementor-element-cfe42cb dot elementor-widget elementor-widget-heading\" data-id=\"cfe42cb\" data-element_type=\"widget\" data-widget_type=\"heading.default\">\n\t\t\t\t<div class=\"elementor-widget-container\">\n\t\t\t\t\t<span class=\"elementor-heading-title elementor-size-default\">02<\/span>\t\t\t\t<\/div>\n\t\t\t\t<\/div>\n\t\t<div class=\"elementor-element elementor-element-c021142 e-flex e-con-boxed e-con e-child\" data-id=\"c021142\" data-element_type=\"container\">\n\t\t\t\t\t<div class=\"e-con-inner\">\n\t\t<div class=\"elementor-element elementor-element-b76dfb7 e-con-full e-flex e-con e-child\" data-id=\"b76dfb7\" data-element_type=\"container\">\n\t\t\t\t<div class=\"elementor-element elementor-element-8f29fbf elementor-widget__width-inherit elementor-widget elementor-widget-heading\" data-id=\"8f29fbf\" data-element_type=\"widget\" data-widget_type=\"heading.default\">\n\t\t\t\t<div class=\"elementor-widget-container\">\n\t\t\t\t\t<h3 class=\"elementor-heading-title elementor-size-default\">URBANISM<\/h3>\t\t\t\t<\/div>\n\t\t\t\t<\/div>\n\t\t\t\t<\/div>\n\t\t<div class=\"elementor-element elementor-element-414b68f e-con-full e-flex e-con e-child\" data-id=\"414b68f\" data-element_type=\"container\">\n\t\t\t\t<div class=\"elementor-element elementor-element-85070a9 elementor-widget elementor-widget-text-editor\" data-id=\"85070a9\" data-element_type=\"widget\" data-widget_type=\"text-editor.default\">\n\t\t\t\t<div class=\"elementor-widget-container\">\n\t\t\t\t\t\t\t\t\t<p>Projects and Advice in the field of Urban planning<br \/>Landscaping<br \/>Due Diligencies urban<\/p>\t\t\t\t\t\t\t\t<\/div>\n\t\t\t\t<\/div>\n\t\t\t\t<\/div>\n\t\t\t\t\t<\/div>\n\t\t\t\t<\/div>\n\t\t\t\t\t<\/div>\n\t\t\t\t<\/div>\n\t\t<div class=\"elementor-element elementor-element-bf4f64b e-flex e-con-boxed e-con e-parent\" data-id=\"bf4f64b\" data-element_type=\"container\">\n\t\t\t\t\t<div class=\"e-con-inner\">\n\t\t\t\t<div class=\"elementor-element elementor-element-c3c1193 dot elementor-widget elementor-widget-heading\" data-id=\"c3c1193\" data-element_type=\"widget\" data-widget_type=\"heading.default\">\n\t\t\t\t<div class=\"elementor-widget-container\">\n\t\t\t\t\t<span class=\"elementor-heading-title elementor-size-default\">03<\/span>\t\t\t\t<\/div>\n\t\t\t\t<\/div>\n\t\t<div class=\"elementor-element elementor-element-825883f e-flex e-con-boxed e-con e-child\" data-id=\"825883f\" data-element_type=\"container\">\n\t\t\t\t\t<div class=\"e-con-inner\">\n\t\t<div class=\"elementor-element elementor-element-49d14ab e-con-full e-flex e-con e-child\" data-id=\"49d14ab\" data-element_type=\"container\">\n\t\t\t\t<div class=\"elementor-element elementor-element-72b34dc elementor-widget__width-inherit elementor-widget elementor-widget-heading\" data-id=\"72b34dc\" data-element_type=\"widget\" data-widget_type=\"heading.default\">\n\t\t\t\t<div class=\"elementor-widget-container\">\n\t\t\t\t\t<h3 class=\"elementor-heading-title elementor-size-default\">PROJECT MANAGEMENT<\/h3>\t\t\t\t<\/div>\n\t\t\t\t<\/div>\n\t\t\t\t<\/div>\n\t\t<div class=\"elementor-element elementor-element-8eb2a96 e-con-full e-flex e-con e-child\" data-id=\"8eb2a96\" data-element_type=\"container\">\n\t\t\t\t<div class=\"elementor-element elementor-element-d830224 elementor-widget elementor-widget-text-editor\" data-id=\"d830224\" data-element_type=\"widget\" data-widget_type=\"text-editor.default\">\n\t\t\t\t<div class=\"elementor-widget-container\">\n\t\t\t\t\t\t\t\t\t<p class=\" translation-block\">Project Management<br>\n\u201cActivity projects\u201d (for commercial registrations)<br>\nTechnical inspections<br>\nDelegated promotion<br>\nExpert reports<br>\nValuation of properties<br><\/p>\t\t\t\t\t\t\t\t<\/div>\n\t\t\t\t<\/div>\n\t\t\t\t<\/div>\n\t\t\t\t\t<\/div>\n\t\t\t\t<\/div>\n\t\t\t\t\t<\/div>\n\t\t\t\t<\/div>\n\t\t\t\t<\/div>","protected":false},"excerpt":{"rendered":"<p>Inicio Servicios M\u00c1S DE 25 A\u00d1OS DE EXPERIENCIA JUNTO A UN EQUIPO JOVEN. AVALAN NUESTRO COMPROMISO CON LA CALIDAD, EL CUMPLIMIENTO DE PLAZOS Y COSTES. Nuestro objetivo es ofrecerle siempre el mejor servicio posible, que puede abarcar desde la b\u00fasqueda de suelo, pasando por la completa tramitaci\u00f3n de los proyectos y la gesti\u00f3n integral de [&hellip;]<\/p>","protected":false},"author":1,"featured_media":577,"parent":0,"menu_order":0,"comment_status":"closed","ping_status":"closed","template":"","meta":{"om_disable_all_campaigns":false,"_monsterinsights_skip_tracking":false,"_monsterinsights_sitenote_active":false,"_monsterinsights_sitenote_note":"","_monsterinsights_sitenote_category":0,"_uf_show_specific_survey":0,"_uf_disable_surveys":false,"footnotes":""},"class_list":["post-81","page","type-page","status-publish","has-post-thumbnail","hentry"],"aioseo_notices":[],"yoast_head":"<!-- This site is optimized with the Yoast SEO plugin v26.8 - https:\/\/yoast.com\/product\/yoast-seo-wordpress\/ -->\n<title>Servicios &#8212; Ortol\u00e1 arquitectos<\/title>\n<meta name=\"robots\" content=\"index, follow, max-snippet:-1, max-image-preview:large, max-video-preview:-1\" \/>\n<link rel=\"canonical\" href=\"https:\/\/ortola-arquitectos.es\/en\/servicios\/\" \/>\n<meta property=\"og:locale\" content=\"en_US\" \/>\n<meta property=\"og:type\" content=\"article\" \/>\n<meta property=\"og:title\" content=\"Servicios &#8212; Ortol\u00e1 arquitectos\" \/>\n<meta property=\"og:description\" content=\"Inicio Servicios M\u00c1S DE 25 A\u00d1OS DE EXPERIENCIA JUNTO A UN EQUIPO JOVEN. AVALAN NUESTRO COMPROMISO CON LA CALIDAD, EL CUMPLIMIENTO DE PLAZOS Y COSTES. Nuestro objetivo es ofrecerle siempre el mejor servicio posible, que puede abarcar desde la b\u00fasqueda de suelo, pasando por la completa tramitaci\u00f3n de los proyectos y la gesti\u00f3n integral de [&hellip;]\" \/>\n<meta property=\"og:url\" content=\"https:\/\/ortola-arquitectos.es\/en\/servicios\/\" \/>\n<meta property=\"og:site_name\" content=\"Ortol\u00e1 arquitectos\" \/>\n<meta property=\"article:modified_time\" content=\"2024-06-12T22:14:46+00:00\" \/>\n<meta property=\"og:image\" content=\"https:\/\/ortola-arquitectos.es\/wp-content\/uploads\/2024\/06\/ARQUITECTURA-Y-URBANISMO-1024x683.png\" \/>\n\t<meta property=\"og:image:width\" content=\"1024\" \/>\n\t<meta property=\"og:image:height\" content=\"683\" \/>\n\t<meta property=\"og:image:type\" content=\"image\/png\" \/>\n<meta name=\"twitter:card\" content=\"summary_large_image\" \/>\n<meta name=\"twitter:label1\" content=\"Est. reading time\" \/>\n\t<meta name=\"twitter:data1\" content=\"1 minute\" \/>\n<script type=\"application\/ld+json\" class=\"yoast-schema-graph\">{\"@context\":\"https:\/\/schema.org\",\"@graph\":[{\"@type\":\"WebPage\",\"@id\":\"https:\/\/ortola-arquitectos.es\/en\/servicios\/\",\"url\":\"https:\/\/ortola-arquitectos.es\/en\/servicios\/\",\"name\":\"Servicios &#8212; Ortol\u00e1 arquitectos\",\"isPartOf\":{\"@id\":\"https:\/\/ortola-arquitectos.es\/#website\"},\"primaryImageOfPage\":{\"@id\":\"https:\/\/ortola-arquitectos.es\/en\/servicios\/#primaryimage\"},\"image\":{\"@id\":\"https:\/\/ortola-arquitectos.es\/en\/servicios\/#primaryimage\"},\"thumbnailUrl\":\"https:\/\/ortola-arquitectos.es\/wp-content\/uploads\/2024\/06\/ARQUITECTURA-Y-URBANISMO.png\",\"datePublished\":\"2024-05-31T20:24:53+00:00\",\"dateModified\":\"2024-06-12T22:14:46+00:00\",\"breadcrumb\":{\"@id\":\"https:\/\/ortola-arquitectos.es\/en\/servicios\/#breadcrumb\"},\"inLanguage\":\"en-US\",\"potentialAction\":[{\"@type\":\"ReadAction\",\"target\":[\"https:\/\/ortola-arquitectos.es\/en\/servicios\/\"]}]},{\"@type\":\"ImageObject\",\"inLanguage\":\"en-US\",\"@id\":\"https:\/\/ortola-arquitectos.es\/en\/servicios\/#primaryimage\",\"url\":\"https:\/\/ortola-arquitectos.es\/wp-content\/uploads\/2024\/06\/ARQUITECTURA-Y-URBANISMO.png\",\"contentUrl\":\"https:\/\/ortola-arquitectos.es\/wp-content\/uploads\/2024\/06\/ARQUITECTURA-Y-URBANISMO.png\",\"width\":1800,\"height\":1200,\"caption\":\"Arquitectura y urbanismo\"},{\"@type\":\"BreadcrumbList\",\"@id\":\"https:\/\/ortola-arquitectos.es\/en\/servicios\/#breadcrumb\",\"itemListElement\":[{\"@type\":\"ListItem\",\"position\":1,\"name\":\"Portada\",\"item\":\"https:\/\/ortola-arquitectos.es\/\"},{\"@type\":\"ListItem\",\"position\":2,\"name\":\"Servicios\"}]},{\"@type\":\"WebSite\",\"@id\":\"https:\/\/ortola-arquitectos.es\/#website\",\"url\":\"https:\/\/ortola-arquitectos.es\/\",\"name\":\"Ortol\u00e1 Arquitectos\",\"description\":\"Arquitectura y Urbanismo\",\"publisher\":{\"@id\":\"https:\/\/ortola-arquitectos.es\/#organization\"},\"potentialAction\":[{\"@type\":\"SearchAction\",\"target\":{\"@type\":\"EntryPoint\",\"urlTemplate\":\"https:\/\/ortola-arquitectos.es\/?s={search_term_string}\"},\"query-input\":{\"@type\":\"PropertyValueSpecification\",\"valueRequired\":true,\"valueName\":\"search_term_string\"}}],\"inLanguage\":\"en-US\"},{\"@type\":\"Organization\",\"@id\":\"https:\/\/ortola-arquitectos.es\/#organization\",\"name\":\"Ortol\u00e1 Arquitectos\",\"alternateName\":\"Arquitectura y Urbanismo\",\"url\":\"https:\/\/ortola-arquitectos.es\/\",\"logo\":{\"@type\":\"ImageObject\",\"inLanguage\":\"en-US\",\"@id\":\"https:\/\/ortola-arquitectos.es\/#\/schema\/logo\/image\/\",\"url\":\"http:\/\/ortola-arquitectos.es\/wp-content\/uploads\/2024\/05\/logo-ortola-arquitectos.svg\",\"contentUrl\":\"http:\/\/ortola-arquitectos.es\/wp-content\/uploads\/2024\/05\/logo-ortola-arquitectos.svg\",\"width\":40,\"height\":26,\"caption\":\"Ortol\u00e1 Arquitectos\"},\"image\":{\"@id\":\"https:\/\/ortola-arquitectos.es\/#\/schema\/logo\/image\/\"}}]}<\/script>\n<!-- \/ Yoast SEO plugin. -->","yoast_head_json":{"title":"Servicios &#8212; Ortol\u00e1 arquitectos","robots":{"index":"index","follow":"follow","max-snippet":"max-snippet:-1","max-image-preview":"max-image-preview:large","max-video-preview":"max-video-preview:-1"},"canonical":"https:\/\/ortola-arquitectos.es\/en\/servicios\/","og_locale":"en_US","og_type":"article","og_title":"Servicios &#8212; Ortol\u00e1 arquitectos","og_description":"Inicio Servicios M\u00c1S DE 25 A\u00d1OS DE EXPERIENCIA JUNTO A UN EQUIPO JOVEN. AVALAN NUESTRO COMPROMISO CON LA CALIDAD, EL CUMPLIMIENTO DE PLAZOS Y COSTES. Nuestro objetivo es ofrecerle siempre el mejor servicio posible, que puede abarcar desde la b\u00fasqueda de suelo, pasando por la completa tramitaci\u00f3n de los proyectos y la gesti\u00f3n integral de [&hellip;]","og_url":"https:\/\/ortola-arquitectos.es\/en\/servicios\/","og_site_name":"Ortol\u00e1 arquitectos","article_modified_time":"2024-06-12T22:14:46+00:00","og_image":[{"width":1024,"height":683,"url":"https:\/\/ortola-arquitectos.es\/wp-content\/uploads\/2024\/06\/ARQUITECTURA-Y-URBANISMO-1024x683.png","type":"image\/png"}],"twitter_card":"summary_large_image","twitter_misc":{"Est. reading time":"1 minute"},"schema":{"@context":"https:\/\/schema.org","@graph":[{"@type":"WebPage","@id":"https:\/\/ortola-arquitectos.es\/en\/servicios\/","url":"https:\/\/ortola-arquitectos.es\/en\/servicios\/","name":"Servicios &#8212; Ortol\u00e1 arquitectos","isPartOf":{"@id":"https:\/\/ortola-arquitectos.es\/#website"},"primaryImageOfPage":{"@id":"https:\/\/ortola-arquitectos.es\/en\/servicios\/#primaryimage"},"image":{"@id":"https:\/\/ortola-arquitectos.es\/en\/servicios\/#primaryimage"},"thumbnailUrl":"https:\/\/ortola-arquitectos.es\/wp-content\/uploads\/2024\/06\/ARQUITECTURA-Y-URBANISMO.png","datePublished":"2024-05-31T20:24:53+00:00","dateModified":"2024-06-12T22:14:46+00:00","breadcrumb":{"@id":"https:\/\/ortola-arquitectos.es\/en\/servicios\/#breadcrumb"},"inLanguage":"en-US","potentialAction":[{"@type":"ReadAction","target":["https:\/\/ortola-arquitectos.es\/en\/servicios\/"]}]},{"@type":"ImageObject","inLanguage":"en-US","@id":"https:\/\/ortola-arquitectos.es\/en\/servicios\/#primaryimage","url":"https:\/\/ortola-arquitectos.es\/wp-content\/uploads\/2024\/06\/ARQUITECTURA-Y-URBANISMO.png","contentUrl":"https:\/\/ortola-arquitectos.es\/wp-content\/uploads\/2024\/06\/ARQUITECTURA-Y-URBANISMO.png","width":1800,"height":1200,"caption":"Arquitectura y urbanismo"},{"@type":"BreadcrumbList","@id":"https:\/\/ortola-arquitectos.es\/en\/servicios\/#breadcrumb","itemListElement":[{"@type":"ListItem","position":1,"name":"Portada","item":"https:\/\/ortola-arquitectos.es\/"},{"@type":"ListItem","position":2,"name":"Servicios"}]},{"@type":"WebSite","@id":"https:\/\/ortola-arquitectos.es\/#website","url":"https:\/\/ortola-arquitectos.es\/","name":"Ortol\u00e1 Arquitectos","description":"Arquitectura y Urbanismo","publisher":{"@id":"https:\/\/ortola-arquitectos.es\/#organization"},"potentialAction":[{"@type":"SearchAction","target":{"@type":"EntryPoint","urlTemplate":"https:\/\/ortola-arquitectos.es\/?s={search_term_string}"},"query-input":{"@type":"PropertyValueSpecification","valueRequired":true,"valueName":"search_term_string"}}],"inLanguage":"en-US"},{"@type":"Organization","@id":"https:\/\/ortola-arquitectos.es\/#organization","name":"Ortol\u00e1 Arquitectos","alternateName":"Arquitectura y Urbanismo","url":"https:\/\/ortola-arquitectos.es\/","logo":{"@type":"ImageObject","inLanguage":"en-US","@id":"https:\/\/ortola-arquitectos.es\/#\/schema\/logo\/image\/","url":"http:\/\/ortola-arquitectos.es\/wp-content\/uploads\/2024\/05\/logo-ortola-arquitectos.svg","contentUrl":"http:\/\/ortola-arquitectos.es\/wp-content\/uploads\/2024\/05\/logo-ortola-arquitectos.svg","width":40,"height":26,"caption":"Ortol\u00e1 Arquitectos"},"image":{"@id":"https:\/\/ortola-arquitectos.es\/#\/schema\/logo\/image\/"}}]}},"_links":{"self":[{"href":"https:\/\/ortola-arquitectos.es\/en\/wp-json\/wp\/v2\/pages\/81","targetHints":{"allow":["GET"]}}],"collection":[{"href":"https:\/\/ortola-arquitectos.es\/en\/wp-json\/wp\/v2\/pages"}],"about":[{"href":"https:\/\/ortola-arquitectos.es\/en\/wp-json\/wp\/v2\/types\/page"}],"author":[{"embeddable":true,"href":"https:\/\/ortola-arquitectos.es\/en\/wp-json\/wp\/v2\/users\/1"}],"replies":[{"embeddable":true,"href":"https:\/\/ortola-arquitectos.es\/en\/wp-json\/wp\/v2\/comments?post=81"}],"version-history":[{"count":34,"href":"https:\/\/ortola-arquitectos.es\/en\/wp-json\/wp\/v2\/pages\/81\/revisions"}],"predecessor-version":[{"id":843,"href":"https:\/\/ortola-arquitectos.es\/en\/wp-json\/wp\/v2\/pages\/81\/revisions\/843"}],"wp:featuredmedia":[{"embeddable":true,"href":"https:\/\/ortola-arquitectos.es\/en\/wp-json\/wp\/v2\/media\/577"}],"wp:attachment":[{"href":"https:\/\/ortola-arquitectos.es\/en\/wp-json\/wp\/v2\/media?parent=81"}],"curies":[{"name":"wp","href":"https:\/\/api.w.org\/{rel}","templated":true}]}}