{"id":3,"date":"2024-05-14T16:51:27","date_gmt":"2024-05-14T16:51:27","guid":{"rendered":"https:\/\/ortola-arquitectos.es\/?page_id=3"},"modified":"2024-06-20T20:07:12","modified_gmt":"2024-06-20T20:07:12","slug":"proteccion-de-datos","status":"publish","type":"page","link":"https:\/\/ortola-arquitectos.es\/de\/proteccion-de-datos\/","title":{"rendered":"Protecci\u00f3n de datos"},"content":{"rendered":"<div data-elementor-type=\"wp-page\" data-elementor-id=\"3\" class=\"elementor elementor-3\" data-elementor-post-type=\"page\">\n\t\t\t\t<div class=\"elementor-element elementor-element-fa5eb76 e-flex e-con-boxed e-con e-parent\" data-id=\"fa5eb76\" data-element_type=\"container\">\n\t\t\t\t\t<div class=\"e-con-inner\">\n\t\t\t\t<div class=\"elementor-element elementor-element-21c4cab elementor-icon-list--layout-inline elementor-widget__width-inherit elementor-list-item-link-full_width elementor-widget elementor-widget-icon-list\" data-id=\"21c4cab\" data-element_type=\"widget\" data-widget_type=\"icon-list.default\">\n\t\t\t\t<div class=\"elementor-widget-container\">\n\t\t\t\t\t\t\t<ul class=\"elementor-icon-list-items elementor-inline-items\">\n\t\t\t\t\t\t\t<li class=\"elementor-icon-list-item elementor-inline-item\">\n\t\t\t\t\t\t\t\t\t\t<span class=\"elementor-icon-list-text\">Home<\/span>\n\t\t\t\t\t\t\t\t\t<\/li>\n\t\t\t\t\t\t\t\t<li class=\"elementor-icon-list-item elementor-inline-item\">\n\t\t\t\t\t\t\t\t\t\t\t<span class=\"elementor-icon-list-icon\">\n\t\t\t\t\t\t\t<svg xmlns=\"http:\/\/www.w3.org\/2000\/svg\" width=\"32\" height=\"1\" viewbox=\"0 0 32 1\" fill=\"none\"><line y1=\"0.5\" x2=\"32\" y2=\"0.5\" stroke=\"black\" stroke-opacity=\"0.5\"><\/line><\/svg>\t\t\t\t\t\t<\/span>\n\t\t\t\t\t\t\t\t\t\t<span class=\"elementor-icon-list-text\"><\/span>\n\t\t\t\t\t\t\t\t\t<\/li>\n\t\t\t\t\t\t\t\t<li class=\"elementor-icon-list-item elementor-inline-item\">\n\t\t\t\t\t\t\t\t\t\t<span class=\"elementor-icon-list-text\">Protecci\u00f3n de datos<\/span>\n\t\t\t\t\t\t\t\t\t<\/li>\n\t\t\t\t\t\t<\/ul>\n\t\t\t\t\t\t<\/div>\n\t\t\t\t<\/div>\n\t\t\t\t<div class=\"elementor-element elementor-element-a1fcb0f elementor-widget__width-inherit elementor-widget elementor-widget-heading\" data-id=\"a1fcb0f\" data-element_type=\"widget\" data-widget_type=\"heading.default\">\n\t\t\t\t<div class=\"elementor-widget-container\">\n\t\t\t\t\t<h1 class=\"elementor-heading-title elementor-size-default\">Protecci\u00f3n de datos<\/h1>\t\t\t\t<\/div>\n\t\t\t\t<\/div>\n\t\t\t\t\t<\/div>\n\t\t\t\t<\/div>\n\t\t<div class=\"elementor-element elementor-element-3571daa e-flex e-con-boxed e-con e-parent\" data-id=\"3571daa\" data-element_type=\"container\">\n\t\t\t\t\t<div class=\"e-con-inner\">\n\t\t\t\t<div class=\"elementor-element elementor-element-163bf80 elementor-widget elementor-widget-text-editor\" data-id=\"163bf80\" data-element_type=\"widget\" data-widget_type=\"text-editor.default\">\n\t\t\t\t<div class=\"elementor-widget-container\">\n\t\t\t\t\t\t\t\t\t<p><strong>1. \u00bfQui\u00e9n es el Responsable del tratamiento de sus datos?<\/strong><\/p>\n<p>Identidad: ESTUDIO DE ARQUITECTURA ORTOL\u00c1 Y ASOCIADOS, S.L.P<br>Direcci\u00f3n postal: AV\/ GENERAL AVIL\u00c9S, 36, 1\u00ba-2\u00aa (VALENCIA)<br>Tel\u00e9fono: 963173030<br>Correo electr\u00f3nico: <a rel=\"noreferrer\">ORTOLA.ARQUITECTOS@YAHOO.ES<\/a><\/p>\n<p><strong>2. \u00bfCon qu\u00e9 finalidad tratamos sus datos personales?<\/strong><\/p>\n<p>En ESTUDIO DE ARQUITECTURA ORTOL\u00c1 Y ASOCIADOS, S.L.P tratamos la informaci\u00f3n que nos facilita con la finalidad de responder la consulta realizada a trav\u00e9s de las formas de contacto puestas a su disposici\u00f3n en la web.<br>No se llevar\u00e1n a cabo decisiones automatizadas, como por ejemplo la elaboraci\u00f3n de perfiles para ofertar servicios o productos. En el caso de que esto tuviera lugar, le informaremos de la l\u00f3gica aplicada, as\u00ed como de la importancia y las consecuencias previstas de dicho tratamiento para usted.<\/p>\n<p><strong>3. \u00bfPor cu\u00e1nto tiempo conservaremos sus datos?<\/strong><\/p>\n<p>Si usted realiza una consulta a trav\u00e9s de las formas de contacto habilitadas en nuestra web, los datos personales proporcionados se conservar\u00e1n el tiempo necesario para responder la consulta realizada y en cualquier caso se conservar\u00e1n durante el plazo m\u00e1ximo de un a\u00f1o desde la recogida de los mismos.<\/p>\n<p><strong>4. \u00bfCu\u00e1l es la legitimaci\u00f3n para el tratamiento de sus datos?<\/strong><\/p>\n<p>La base legal para el tratamiento de sus datos es el consentimiento que usted nos da para ello aceptando las diferentes cl\u00e1usulas informativas de nuestros formularios de contacto.<\/p>\n<p><strong>5. \u00bfA qu\u00e9 destinatarios se comunicar\u00e1n sus datos?<\/strong><\/p>\n<p>No se comunicar\u00e1n datos a ninguna otra empresa o entidad, p\u00fablica o privada, salvo por obligaci\u00f3n legal.<br>Existen empresas a las que ESTUDIO DE ARQUITECTURA ORTOL\u00c1 Y ASOCIADOS, S.L.P no les cedemos datos, pero que nos prestan diferentes servicios, implicando estos servicios el alojamiento de datos de car\u00e1cter personal por parte de dichas empresas o el acceso puntual por su parte a los mismos. Estas empresas que act\u00faan como encargados del tratamiento de los datos y con quienes hemos firmado un contrato para garantizar la seguridad de los datos de car\u00e1cter personal son:<br>*Servicios inform\u00e1ticos: Diferentes empresas nos prestan el servicio de alojamiento de nuestros correos electr\u00f3nicos corporativos, el servicio de alojamiento de nuestra p\u00e1gina web corporativa, el servicio de alojamiento de nuestro blog corporativo, el servicio de mantenimiento de software, el servicio de ejecuci\u00f3n de las copias de seguridad corporativas y el servicio de alojamiento y soporte de la aplicaci\u00f3n de mensajer\u00eda, Whatsapp, entre otros servicios inform\u00e1ticos.<\/p>\n<p><span style=\"font-weight: 400;\">Se realizan transferencias internacionales de datos a YAHOO EMEA LIMITED, al alojar el correo&nbsp; electr\u00f3nico corporativo en los sistemas de YAHOO. Esta empresa opera a nivel mundial y trabaja con&nbsp; afiliados y otras empresas establecidas en pa\u00edses que se encuentras fuera del EEE, como Estados&nbsp; Unidos, Singapur, Canad\u00e1 y Taiwan. Se realiza transferencias internacionales a Canad\u00e1 con las debidas&nbsp; garant\u00edas ya que Canad\u00e1 ha sido declarado como un Pa\u00eds con un nivel de protecci\u00f3n adecuado&nbsp; conforme a la Decisi\u00f3n 2002\/2\/CE de la Comisi\u00f3n, de 20 de diciembre de 2001, respecto de las&nbsp; entidades sujetas al \u00e1mbito de aplicaci\u00f3n de la ley canadiense de protecci\u00f3n de datos.&nbsp;<\/span><\/p>\n<p><span style=\"font-weight: 400;\">Adem\u00e1s, se realizan transferencias internacionales al resto de pa\u00edses enumerados con las debidas&nbsp; garant\u00edas ya que se ha firmado con YAHOO EMEA LIMITED, la cl\u00e1usula contractual tipo basada en la&nbsp; Decisi\u00f3n 2021\/914\/UE de 4 de junio de 2021 de la Comisi\u00f3n Europea para realizar transferencias a&nbsp; encargados ubicados fuera del EEE. Usted puede obtener una copia de la cl\u00e1usula citada solicit\u00e1ndola&nbsp; en el e-mail ORTOLA.ARQUITECTOS@YAHOO.ES.&nbsp;&nbsp;<\/span><\/p><p><span style=\"background-color: transparent; text-align: var(--text-align); color: var( --e-global-color-primary );\"><b>6. \u00bfCu\u00e1les son sus derechos cuando nos facilita sus datos?&nbsp;<\/b><\/span><\/p>\n<p><span style=\"font-weight: 400;\">&#8211; El interesado tiene derecho a obtener confirmaci\u00f3n sobre si en ESTUDIO DE ARQUITECTURA&nbsp; ORTOL\u00c1 Y ASOCIADOS, S.L.P estamos tratando datos personales que le conciernan, o no.&nbsp;&nbsp;<\/span><\/p>\n<p><span style=\"font-weight: 400;\">&#8211; El interesado tiene derecho a acceder a sus datos personales, as\u00ed como a solicitar la&nbsp; rectificaci\u00f3n de los datos inexactos o, en su caso, solicitar su supresi\u00f3n cuando, entre otros&nbsp; motivos, los datos ya no sean necesarios para los fines que fueron recogidos.&nbsp;&nbsp;<\/span><\/p>\n<p><span style=\"font-weight: 400;\">&#8211; El interesado podr\u00e1 solicitar la limitaci\u00f3n del tratamiento de sus datos, en cuyo caso&nbsp; \u00fanicamente los conservaremos para el ejercicio o la defensa de reclamaciones.&nbsp;&nbsp;<\/span><\/p>\n<p><span style=\"font-weight: 400;\">&#8211; Igualmente, en determinadas circunstancias y por motivos relacionados con su situaci\u00f3n&nbsp; particular, los interesados podr\u00e1n oponerse al tratamiento de sus datos, as\u00ed como a retirarnos&nbsp; el consentimiento para el tratamiento de los mismos. ESTUDIO DE ARQUITECTURA ORTOL\u00c1&nbsp; Y ASOCIADOS, S.L.P dejar\u00e1 de tratar los datos, salvo por motivos leg\u00edtimos imperiosos, o el&nbsp; ejercicio o la defensa de posibles reclamaciones.&nbsp;&nbsp;<\/span><\/p>\n<p><span style=\"font-weight: 400;\">&#8211; El interesado tendr\u00e1 derecho a recibir los datos personales que le incumban, que nos haya&nbsp; facilitado, en un formato estructurado, de uso com\u00fan y lectura mec\u00e1nica, y a transmitirlos a&nbsp; otro responsable del tratamiento sin que lo impida el responsable al que se los hubiera&nbsp; facilitado.&nbsp;&nbsp;<\/span><\/p>\n<p><span style=\"font-weight: 400;\">Para ejercitar estos derechos puede dirigir un escrito con su petici\u00f3n a la siguiente direcci\u00f3n: AV\/&nbsp; GENERAL AVIL\u00c9S, 36, 1\u00ba-2\u00aa (VALENCIA), o la siguiente direcci\u00f3n de correo electr\u00f3nico:&nbsp; ORTOLA.ARQUITECTOS@YAHOO.ES y nos pondremos en contacto con usted para indicarle los pasos&nbsp; a seguir para ejercer sus derechos en protecci\u00f3n de datos. De igual modo le informamos que puede&nbsp; presentar una reclamaci\u00f3n ante la Agencia Espa\u00f1ola de Protecci\u00f3n de Datos, especialmente si no viera&nbsp; satisfechos el ejercicio de sus derechos.&nbsp;&nbsp;<\/span><\/p>\n<p><span style=\"font-weight: 400;\">Datos de contacto de la Agencia Espa\u00f1ola de Protecci\u00f3n de Datos:&nbsp;<\/span><\/p>\n<p><span style=\"font-weight: 400;\">Direcci\u00f3n: C\/ JORGE JUAN, 6, 28001 (MADRID)&nbsp;&nbsp;<\/span><\/p>\n<p><span style=\"font-weight: 400;\">Tel\u00e9fonos de contacto: 901 100 099 &#8211; 912 663 517&nbsp;&nbsp;<\/span><\/p>\t\t\t\t\t\t\t\t<\/div>\n\t\t\t\t<\/div>\n\t\t\t\t\t<\/div>\n\t\t\t\t<\/div>\n\t\t\t\t<\/div>","protected":false},"excerpt":{"rendered":"<p>Inicio Protecci\u00f3n de datos 1. \u00bfQui\u00e9n es el Responsable del tratamiento de sus datos? Identidad: ESTUDIO DE ARQUITECTURA ORTOL\u00c1 Y ASOCIADOS, S.L.PDirecci\u00f3n postal: AV\/ GENERAL AVIL\u00c9S, 36, 1\u00ba-2\u00aa (VALENCIA)Tel\u00e9fono: 963173030Correo electr\u00f3nico: ORTOLA.ARQUITECTOS@YAHOO.ES 2. \u00bfCon qu\u00e9 finalidad tratamos sus datos personales? En ESTUDIO DE ARQUITECTURA ORTOL\u00c1 Y ASOCIADOS, S.L.P tratamos la informaci\u00f3n que nos facilita con [&hellip;]<\/p>","protected":false},"author":1,"featured_media":0,"parent":0,"menu_order":0,"comment_status":"closed","ping_status":"closed","template":"","meta":{"om_disable_all_campaigns":false,"_monsterinsights_skip_tracking":false,"_monsterinsights_sitenote_active":false,"_monsterinsights_sitenote_note":"","_monsterinsights_sitenote_category":0,"_uf_show_specific_survey":0,"_uf_disable_surveys":false,"footnotes":""},"class_list":["post-3","page","type-page","status-publish","hentry"],"aioseo_notices":[],"yoast_head":"<!-- This site is optimized with the Yoast SEO plugin v26.8 - https:\/\/yoast.com\/product\/yoast-seo-wordpress\/ -->\n<title>Protecci\u00f3n de datos &#8212; Ortol\u00e1 arquitectos<\/title>\n<meta name=\"robots\" content=\"index, follow, max-snippet:-1, max-image-preview:large, max-video-preview:-1\" \/>\n<link rel=\"canonical\" href=\"https:\/\/ortola-arquitectos.es\/de\/proteccion-de-datos\/\" \/>\n<meta property=\"og:locale\" content=\"de_DE\" \/>\n<meta property=\"og:type\" content=\"article\" \/>\n<meta property=\"og:title\" content=\"Protecci\u00f3n de datos &#8212; Ortol\u00e1 arquitectos\" \/>\n<meta property=\"og:description\" content=\"Inicio Protecci\u00f3n de datos 1. \u00bfQui\u00e9n es el Responsable del tratamiento de sus datos? Identidad: ESTUDIO DE ARQUITECTURA ORTOL\u00c1 Y ASOCIADOS, S.L.PDirecci\u00f3n postal: AV\/ GENERAL AVIL\u00c9S, 36, 1\u00ba-2\u00aa (VALENCIA)Tel\u00e9fono: 963173030Correo electr\u00f3nico: ORTOLA.ARQUITECTOS@YAHOO.ES 2. \u00bfCon qu\u00e9 finalidad tratamos sus datos personales? En ESTUDIO DE ARQUITECTURA ORTOL\u00c1 Y ASOCIADOS, S.L.P tratamos la informaci\u00f3n que nos facilita con [&hellip;]\" \/>\n<meta property=\"og:url\" content=\"https:\/\/ortola-arquitectos.es\/de\/proteccion-de-datos\/\" \/>\n<meta property=\"og:site_name\" content=\"Ortol\u00e1 arquitectos\" \/>\n<meta property=\"article:modified_time\" content=\"2024-06-20T20:07:12+00:00\" \/>\n<meta property=\"og:image\" content=\"https:\/\/ortola-arquitectos.es\/wp-content\/uploads\/2024\/06\/ARQUITECTURA-Y-URBANISMO-1024x683.png\" \/>\n\t<meta property=\"og:image:width\" content=\"1024\" \/>\n\t<meta property=\"og:image:height\" content=\"683\" \/>\n\t<meta property=\"og:image:type\" content=\"image\/png\" \/>\n<meta name=\"twitter:card\" content=\"summary_large_image\" \/>\n<meta name=\"twitter:label1\" content=\"Gesch\u00e4tzte Lesezeit\" \/>\n\t<meta name=\"twitter:data1\" content=\"5\u00a0Minuten\" \/>\n<script type=\"application\/ld+json\" class=\"yoast-schema-graph\">{\"@context\":\"https:\/\/schema.org\",\"@graph\":[{\"@type\":\"WebPage\",\"@id\":\"https:\/\/ortola-arquitectos.es\/en\/proteccion-de-datos\/\",\"url\":\"https:\/\/ortola-arquitectos.es\/en\/proteccion-de-datos\/\",\"name\":\"Protecci\u00f3n de datos &#8212; Ortol\u00e1 arquitectos\",\"isPartOf\":{\"@id\":\"https:\/\/ortola-arquitectos.es\/#website\"},\"datePublished\":\"2024-05-14T16:51:27+00:00\",\"dateModified\":\"2024-06-20T20:07:12+00:00\",\"breadcrumb\":{\"@id\":\"https:\/\/ortola-arquitectos.es\/en\/proteccion-de-datos\/#breadcrumb\"},\"inLanguage\":\"de\",\"potentialAction\":[{\"@type\":\"ReadAction\",\"target\":[\"https:\/\/ortola-arquitectos.es\/en\/proteccion-de-datos\/\"]}]},{\"@type\":\"BreadcrumbList\",\"@id\":\"https:\/\/ortola-arquitectos.es\/en\/proteccion-de-datos\/#breadcrumb\",\"itemListElement\":[{\"@type\":\"ListItem\",\"position\":1,\"name\":\"Portada\",\"item\":\"https:\/\/ortola-arquitectos.es\/\"},{\"@type\":\"ListItem\",\"position\":2,\"name\":\"Protecci\u00f3n de datos\"}]},{\"@type\":\"WebSite\",\"@id\":\"https:\/\/ortola-arquitectos.es\/#website\",\"url\":\"https:\/\/ortola-arquitectos.es\/\",\"name\":\"Ortol\u00e1 Arquitectos\",\"description\":\"Arquitectura y Urbanismo\",\"publisher\":{\"@id\":\"https:\/\/ortola-arquitectos.es\/#organization\"},\"potentialAction\":[{\"@type\":\"SearchAction\",\"target\":{\"@type\":\"EntryPoint\",\"urlTemplate\":\"https:\/\/ortola-arquitectos.es\/?s={search_term_string}\"},\"query-input\":{\"@type\":\"PropertyValueSpecification\",\"valueRequired\":true,\"valueName\":\"search_term_string\"}}],\"inLanguage\":\"de\"},{\"@type\":\"Organization\",\"@id\":\"https:\/\/ortola-arquitectos.es\/#organization\",\"name\":\"Ortol\u00e1 Arquitectos\",\"alternateName\":\"Arquitectura y Urbanismo\",\"url\":\"https:\/\/ortola-arquitectos.es\/\",\"logo\":{\"@type\":\"ImageObject\",\"inLanguage\":\"de\",\"@id\":\"https:\/\/ortola-arquitectos.es\/#\/schema\/logo\/image\/\",\"url\":\"http:\/\/ortola-arquitectos.es\/wp-content\/uploads\/2024\/05\/logo-ortola-arquitectos.svg\",\"contentUrl\":\"http:\/\/ortola-arquitectos.es\/wp-content\/uploads\/2024\/05\/logo-ortola-arquitectos.svg\",\"width\":40,\"height\":26,\"caption\":\"Ortol\u00e1 Arquitectos\"},\"image\":{\"@id\":\"https:\/\/ortola-arquitectos.es\/#\/schema\/logo\/image\/\"}}]}<\/script>\n<!-- \/ Yoast SEO plugin. -->","yoast_head_json":{"title":"Protecci\u00f3n de datos &#8212; Ortol\u00e1 arquitectos","robots":{"index":"index","follow":"follow","max-snippet":"max-snippet:-1","max-image-preview":"max-image-preview:large","max-video-preview":"max-video-preview:-1"},"canonical":"https:\/\/ortola-arquitectos.es\/de\/proteccion-de-datos\/","og_locale":"de_DE","og_type":"article","og_title":"Protecci\u00f3n de datos &#8212; Ortol\u00e1 arquitectos","og_description":"Inicio Protecci\u00f3n de datos 1. \u00bfQui\u00e9n es el Responsable del tratamiento de sus datos? Identidad: ESTUDIO DE ARQUITECTURA ORTOL\u00c1 Y ASOCIADOS, S.L.PDirecci\u00f3n postal: AV\/ GENERAL AVIL\u00c9S, 36, 1\u00ba-2\u00aa (VALENCIA)Tel\u00e9fono: 963173030Correo electr\u00f3nico: ORTOLA.ARQUITECTOS@YAHOO.ES 2. \u00bfCon qu\u00e9 finalidad tratamos sus datos personales? En ESTUDIO DE ARQUITECTURA ORTOL\u00c1 Y ASOCIADOS, S.L.P tratamos la informaci\u00f3n que nos facilita con [&hellip;]","og_url":"https:\/\/ortola-arquitectos.es\/de\/proteccion-de-datos\/","og_site_name":"Ortol\u00e1 arquitectos","article_modified_time":"2024-06-20T20:07:12+00:00","og_image":[{"width":1024,"height":683,"url":"https:\/\/ortola-arquitectos.es\/wp-content\/uploads\/2024\/06\/ARQUITECTURA-Y-URBANISMO-1024x683.png","type":"image\/png"}],"twitter_card":"summary_large_image","twitter_misc":{"Gesch\u00e4tzte Lesezeit":"5\u00a0Minuten"},"schema":{"@context":"https:\/\/schema.org","@graph":[{"@type":"WebPage","@id":"https:\/\/ortola-arquitectos.es\/en\/proteccion-de-datos\/","url":"https:\/\/ortola-arquitectos.es\/en\/proteccion-de-datos\/","name":"Protecci\u00f3n de datos &#8212; Ortol\u00e1 arquitectos","isPartOf":{"@id":"https:\/\/ortola-arquitectos.es\/#website"},"datePublished":"2024-05-14T16:51:27+00:00","dateModified":"2024-06-20T20:07:12+00:00","breadcrumb":{"@id":"https:\/\/ortola-arquitectos.es\/en\/proteccion-de-datos\/#breadcrumb"},"inLanguage":"de","potentialAction":[{"@type":"ReadAction","target":["https:\/\/ortola-arquitectos.es\/en\/proteccion-de-datos\/"]}]},{"@type":"BreadcrumbList","@id":"https:\/\/ortola-arquitectos.es\/en\/proteccion-de-datos\/#breadcrumb","itemListElement":[{"@type":"ListItem","position":1,"name":"Portada","item":"https:\/\/ortola-arquitectos.es\/"},{"@type":"ListItem","position":2,"name":"Protecci\u00f3n de datos"}]},{"@type":"WebSite","@id":"https:\/\/ortola-arquitectos.es\/#website","url":"https:\/\/ortola-arquitectos.es\/","name":"Ortol\u00e1 Arquitectos","description":"Arquitectura y Urbanismo","publisher":{"@id":"https:\/\/ortola-arquitectos.es\/#organization"},"potentialAction":[{"@type":"SearchAction","target":{"@type":"EntryPoint","urlTemplate":"https:\/\/ortola-arquitectos.es\/?s={search_term_string}"},"query-input":{"@type":"PropertyValueSpecification","valueRequired":true,"valueName":"search_term_string"}}],"inLanguage":"de"},{"@type":"Organization","@id":"https:\/\/ortola-arquitectos.es\/#organization","name":"Ortol\u00e1 Arquitectos","alternateName":"Arquitectura y Urbanismo","url":"https:\/\/ortola-arquitectos.es\/","logo":{"@type":"ImageObject","inLanguage":"de","@id":"https:\/\/ortola-arquitectos.es\/#\/schema\/logo\/image\/","url":"http:\/\/ortola-arquitectos.es\/wp-content\/uploads\/2024\/05\/logo-ortola-arquitectos.svg","contentUrl":"http:\/\/ortola-arquitectos.es\/wp-content\/uploads\/2024\/05\/logo-ortola-arquitectos.svg","width":40,"height":26,"caption":"Ortol\u00e1 Arquitectos"},"image":{"@id":"https:\/\/ortola-arquitectos.es\/#\/schema\/logo\/image\/"}}]}},"_links":{"self":[{"href":"https:\/\/ortola-arquitectos.es\/de\/wp-json\/wp\/v2\/pages\/3","targetHints":{"allow":["GET"]}}],"collection":[{"href":"https:\/\/ortola-arquitectos.es\/de\/wp-json\/wp\/v2\/pages"}],"about":[{"href":"https:\/\/ortola-arquitectos.es\/de\/wp-json\/wp\/v2\/types\/page"}],"author":[{"embeddable":true,"href":"https:\/\/ortola-arquitectos.es\/de\/wp-json\/wp\/v2\/users\/1"}],"replies":[{"embeddable":true,"href":"https:\/\/ortola-arquitectos.es\/de\/wp-json\/wp\/v2\/comments?post=3"}],"version-history":[{"count":5,"href":"https:\/\/ortola-arquitectos.es\/de\/wp-json\/wp\/v2\/pages\/3\/revisions"}],"predecessor-version":[{"id":885,"href":"https:\/\/ortola-arquitectos.es\/de\/wp-json\/wp\/v2\/pages\/3\/revisions\/885"}],"wp:attachment":[{"href":"https:\/\/ortola-arquitectos.es\/de\/wp-json\/wp\/v2\/media?parent=3"}],"curies":[{"name":"wp","href":"https:\/\/api.w.org\/{rel}","templated":true}]}}